{"id":2329,"date":"2025-02-26T14:53:57","date_gmt":"2025-02-26T13:53:57","guid":{"rendered":"https:\/\/www.nmy.de\/en\/?page_id=2329"},"modified":"2025-09-26T17:43:16","modified_gmt":"2025-09-26T15:43:16","slug":"xr-innovationworkshop","status":"publish","type":"page","link":"https:\/\/www.nmy.de\/en\/xr-innovationworkshop\/","title":{"rendered":"Innovation-Workshop"},"content":{"rendered":"\n<div class=\"wp-block-group has-global-padding is-layout-constrained wp-block-group-is-layout-constrained\">\n<h2 class=\"wp-block-heading has-text-align-center\">Praxisnah und exklusiv<\/h2>\n\n\n\n<p class=\"has-text-align-center\">In diesem Workshop erh\u00e4ltst du kompakte Einblicke in AR-, VR- und Spatial Computing-Technologien. Dein Takeaway: Verstehe, wie du diese Technologien strategisch f\u00fcr dein Unternehmen nutzen kannst, um Prozesse zu optimieren und Innovationen voranzutreiben. Unser USP: Ma\u00dfgeschneiderte Demos und Best Cases, abgestimmt auf deine Branche, sowie ein individuelles Strategie-Dokument f\u00fcr die direkte Umsetzung.<\/p>\n<\/div>\n\n\n\n<div class=\"wp-block-group alignfull has-transparent-background-color has-background has-global-padding is-layout-constrained wp-block-group-is-layout-constrained\"><section class=\"group-animation alignfull scroll-anim anim-stagger\">\r\n  <div class=\"acf-innerblocks-container\">\n\n<div class=\"wp-block-columns alignwide is-layout-flex wp-container-core-columns-is-layout-28f84493 wp-block-columns-is-layout-flex\">\n<div class=\"wp-block-column is-layout-flow wp-block-column-is-layout-flow\">\n<figure class=\"wp-block-image aligncenter size-full is-resized\"><img loading=\"lazy\" decoding=\"async\" width=\"240\" height=\"120\" src=\"https:\/\/www.nmy.de\/en\/wp-content\/uploads\/sites\/5\/2025\/02\/nmy_map.svg\" alt=\"\" class=\"wp-image-1519\" style=\"object-fit:cover;width:240px;height:120px\" \/><\/figure>\n\n\n\n<h3 class=\"wp-block-heading has-text-align-center is-style-mt-0\">Frankfurt am Main<\/h3>\n<\/div>\n\n\n\n<div class=\"wp-block-column is-layout-flow wp-block-column-is-layout-flow\">\n<figure class=\"wp-block-image aligncenter size-full is-resized\"><img loading=\"lazy\" decoding=\"async\" width=\"240\" height=\"120\" src=\"https:\/\/www.nmy.de\/en\/wp-content\/uploads\/sites\/5\/2025\/02\/nmy_crew_v2.svg\" alt=\"\" class=\"wp-image-1488\" style=\"object-fit:cover;width:240px;height:120px\" \/><\/figure>\n\n\n\n<h3 class=\"wp-block-heading has-text-align-center is-style-mt-0\">Bis zu 10 Personen<\/h3>\n<\/div>\n\n\n\n<div class=\"wp-block-column is-layout-flow wp-block-column-is-layout-flow\">\n<figure class=\"wp-block-image aligncenter size-full is-resized\"><img loading=\"lazy\" decoding=\"async\" width=\"240\" height=\"120\" src=\"https:\/\/www.nmy.de\/en\/wp-content\/uploads\/sites\/5\/2025\/02\/nmy_frankfurt_v2.svg\" alt=\"\" class=\"wp-image-1493\" style=\"object-fit:cover;width:240px;height:120px\" \/><\/figure>\n\n\n\n<h3 class=\"wp-block-heading has-text-align-center is-style-mt-0\">Inspiration<\/h3>\n<\/div>\n<\/div>\n\n<\/div>\r\n<\/section>\r\n<\/div>\n\n\n\n<div class=\"wp-block-media-text alignwide is-stacked-on-mobile\" style=\"grid-template-columns:55% auto\"><figure class=\"wp-block-media-text__media\"><img loading=\"lazy\" decoding=\"async\" width=\"632\" height=\"411\" src=\"https:\/\/www.nmy.de\/en\/wp-content\/uploads\/sites\/5\/2025\/02\/bildschirmfoto_2024-09-06_um_16-01-46_1.png\" alt=\"\" class=\"wp-image-1610 size-full\" srcset=\"https:\/\/www.nmy.de\/en\/wp-content\/uploads\/sites\/5\/2025\/02\/bildschirmfoto_2024-09-06_um_16-01-46_1.png 632w, https:\/\/www.nmy.de\/en\/wp-content\/uploads\/sites\/5\/2025\/02\/bildschirmfoto_2024-09-06_um_16-01-46_1-300x195.png 300w, https:\/\/www.nmy.de\/en\/wp-content\/uploads\/sites\/5\/2025\/02\/bildschirmfoto_2024-09-06_um_16-01-46_1-131x85.png 131w, https:\/\/www.nmy.de\/en\/wp-content\/uploads\/sites\/5\/2025\/02\/bildschirmfoto_2024-09-06_um_16-01-46_1-261x170.png 261w, https:\/\/www.nmy.de\/en\/wp-content\/uploads\/sites\/5\/2025\/02\/bildschirmfoto_2024-09-06_um_16-01-46_1-290x189.png 290w, https:\/\/www.nmy.de\/en\/wp-content\/uploads\/sites\/5\/2025\/02\/bildschirmfoto_2024-09-06_um_16-01-46_1-75x49.png 75w\" sizes=\"auto, (max-width: 632px) 100vw, 632px\" \/><\/figure><div class=\"wp-block-media-text__content\">\n<p class=\"is-style-topline\" style=\"text-transform:uppercase\"><small>Innovations Workshop<\/small><\/p>\n\n\n\n<p style=\"text-transform:uppercase\"><\/p>\n\n\n\n<h2 class=\"wp-block-heading has-secondary-color has-text-color has-link-color wp-elements-16a2beb82e5f8ca869e8554003357f0a\">01\/<\/h2>\n\n\n\n<h2 class=\"wp-block-heading\">\u00dcberblick AR\/VR und Spatial Computing<\/h2>\n\n\n\n<p>Der erste Teil startet mit einem pr\u00e4gnanten Impulsvortrag \u00fcber Spatial Computing, der die Verbindung von Raum und Daten erl\u00e4utert. Im Anschluss erh\u00e4ltst du einen kompakten \u00dcberblick \u00fcber aktuelle AR- und VR-Technologien, von der Apple Vision Pro bis zur HTC Vive. So bekommst du ein klares Verst\u00e4ndnis der technischen M\u00f6glichkeiten und wie du diese strategisch f\u00fcr dein Unternehmen nutzen kannst.<\/p>\n<\/div><\/div>\n\n\n\n<div class=\"wp-block-media-text alignwide has-media-on-the-right is-stacked-on-mobile\" style=\"grid-template-columns:auto 55%\"><div class=\"wp-block-media-text__content\">\n<p class=\"is-style-topline\" style=\"text-transform:uppercase\"><small>Innovations Workshop<\/small><\/p>\n\n\n\n<p style=\"text-transform:uppercase\"><\/p>\n\n\n\n<h2 class=\"wp-block-heading has-secondary-color has-text-color has-link-color wp-elements-334797ce59d1847c570dbc27e967a250\">02\/<\/h2>\n\n\n\n<h2 class=\"wp-block-heading\">Use Cases aus der Praxis<\/h2>\n\n\n\n<p>Im zweiten Teil des Workshops siehst du, wie Unternehmen wie Lufthansa und Fifa bereits erfolgreich mit Spatial Computing und K\u00fcnstlicher Intelligenz arbeiten. Durch exklusive Demos und Best Cases, die auf deine Branche zugeschnitten sind, lernst du, wie du diese Technologien f\u00fcr konkrete Anwendungsf\u00e4lle in deinem Unternehmen einsetzen kannst. Dein Takeaway: Praxisnahe Inspiration f\u00fcr eigene Use Cases und innovative L\u00f6sungen, die direkt umsetzbar sind.<\/p>\n<\/div><figure class=\"wp-block-media-text__media\"><img loading=\"lazy\" decoding=\"async\" width=\"800\" height=\"534\" src=\"https:\/\/www.nmy.de\/en\/wp-content\/uploads\/sites\/5\/2025\/02\/nmy-spaces-vr-digital-learning-4.jpg\" alt=\"\" class=\"wp-image-2114 size-full\" srcset=\"https:\/\/www.nmy.de\/en\/wp-content\/uploads\/sites\/5\/2025\/02\/nmy-spaces-vr-digital-learning-4.jpg 800w, https:\/\/www.nmy.de\/en\/wp-content\/uploads\/sites\/5\/2025\/02\/nmy-spaces-vr-digital-learning-4-300x200.jpg 300w, https:\/\/www.nmy.de\/en\/wp-content\/uploads\/sites\/5\/2025\/02\/nmy-spaces-vr-digital-learning-4-768x513.jpg 768w, https:\/\/www.nmy.de\/en\/wp-content\/uploads\/sites\/5\/2025\/02\/nmy-spaces-vr-digital-learning-4-127x85.jpg 127w, https:\/\/www.nmy.de\/en\/wp-content\/uploads\/sites\/5\/2025\/02\/nmy-spaces-vr-digital-learning-4-255x170.jpg 255w, https:\/\/www.nmy.de\/en\/wp-content\/uploads\/sites\/5\/2025\/02\/nmy-spaces-vr-digital-learning-4-290x194.jpg 290w, https:\/\/www.nmy.de\/en\/wp-content\/uploads\/sites\/5\/2025\/02\/nmy-spaces-vr-digital-learning-4-75x50.jpg 75w, https:\/\/www.nmy.de\/en\/wp-content\/uploads\/sites\/5\/2025\/02\/nmy-spaces-vr-digital-learning-4-750x501.jpg 750w\" sizes=\"auto, (max-width: 800px) 100vw, 800px\" \/><\/figure><\/div>\n\n\n\n<div class=\"wp-block-media-text alignwide is-stacked-on-mobile\" style=\"grid-template-columns:55% auto\"><figure class=\"wp-block-media-text__media\"><img loading=\"lazy\" decoding=\"async\" width=\"580\" height=\"388\" src=\"https:\/\/www.nmy.de\/en\/wp-content\/uploads\/sites\/5\/2025\/04\/bildschirmfoto_2024-09-03_um_15-14-18.png\" alt=\"\" class=\"wp-image-2662 size-full\" srcset=\"https:\/\/www.nmy.de\/en\/wp-content\/uploads\/sites\/5\/2025\/04\/bildschirmfoto_2024-09-03_um_15-14-18.png 580w, https:\/\/www.nmy.de\/en\/wp-content\/uploads\/sites\/5\/2025\/04\/bildschirmfoto_2024-09-03_um_15-14-18-300x201.png 300w, https:\/\/www.nmy.de\/en\/wp-content\/uploads\/sites\/5\/2025\/04\/bildschirmfoto_2024-09-03_um_15-14-18-127x85.png 127w, https:\/\/www.nmy.de\/en\/wp-content\/uploads\/sites\/5\/2025\/04\/bildschirmfoto_2024-09-03_um_15-14-18-254x170.png 254w, https:\/\/www.nmy.de\/en\/wp-content\/uploads\/sites\/5\/2025\/04\/bildschirmfoto_2024-09-03_um_15-14-18-290x194.png 290w, https:\/\/www.nmy.de\/en\/wp-content\/uploads\/sites\/5\/2025\/04\/bildschirmfoto_2024-09-03_um_15-14-18-75x50.png 75w\" sizes=\"auto, (max-width: 580px) 100vw, 580px\" \/><\/figure><div class=\"wp-block-media-text__content\">\n<p class=\"is-style-topline\" style=\"text-transform:uppercase\"><small>Innovations Workshop<\/small><\/p>\n\n\n\n<p style=\"text-transform:uppercase\"><\/p>\n\n\n\n<h2 class=\"wp-block-heading has-secondary-color has-text-color has-link-color wp-elements-55ead7bb48f48c3c7990c70fcb268160\">03\/<\/h2>\n\n\n\n<h2 class=\"wp-block-heading\">Ideation &amp; Brainstorming<\/h2>\n\n\n\n<p>Im dritten Teil des Workshops entwickeln wir in einer moderierten Kreativsession konkrete Use Cases und Visionen f\u00fcr dein Unternehmen. Du skizzierst gemeinsam mit uns, wie neue Technologien wie AR, VR und KI strategisch eingesetzt werden k\u00f6nnen, um Kosteneffizienz, Prozessoptimierung und datenbasierte Entscheidungen zu f\u00f6rdern. Dein Takeaway: Individuelle L\u00f6sungen, die speziell auf deine betrieblichen Anforderungen zugeschnitten sind und direkt in die Praxis umgesetzt werden k\u00f6nnen, um langfristig wettbewerbsf\u00e4hig zu bleiben.<\/p>\n<\/div><\/div>\n\n\n\n<div class=\"wp-block-media-text alignwide has-media-on-the-right is-stacked-on-mobile\" style=\"grid-template-columns:auto 55%\"><div class=\"wp-block-media-text__content\">\n<p class=\"is-style-topline\" style=\"text-transform:uppercase\"><small>Innovations Workshop<\/small><\/p>\n\n\n\n<h2 class=\"wp-block-heading has-secondary-color has-text-color has-link-color wp-elements-829b020ac69a42a5f597a3d365603944\">04\/<\/h2>\n\n\n\n<h2 class=\"wp-block-heading\">Impuls- und Visionsdokument<\/h2>\n\n\n\n<p>Zum Abschluss bereiten wir alle wichtigen Erkenntnisse, Ideen und Ans\u00e4tze aus dem Workshop in einem ma\u00dfgeschneiderten Impuls- und Visionsdokument f\u00fcr dich auf. Dieses Dokument dient dir als strategische Grundlage, um die erarbeiteten L\u00f6sungen gezielt im Unternehmen umzusetzen und langfristig zu nutzen. Es fasst nicht nur die Ergebnisse zusammen, sondern liefert dir auch klare Handlungsempfehlungen f\u00fcr zuk\u00fcnftige Innovationsprojekte.<\/p>\n<\/div><figure class=\"wp-block-media-text__media\"><img loading=\"lazy\" decoding=\"async\" width=\"577\" height=\"371\" src=\"https:\/\/www.nmy.de\/en\/wp-content\/uploads\/sites\/5\/2025\/04\/bildschirmfoto_2024-09-03_um_15-54-22.png\" alt=\"\" class=\"wp-image-2663 size-full\" srcset=\"https:\/\/www.nmy.de\/en\/wp-content\/uploads\/sites\/5\/2025\/04\/bildschirmfoto_2024-09-03_um_15-54-22.png 577w, https:\/\/www.nmy.de\/en\/wp-content\/uploads\/sites\/5\/2025\/04\/bildschirmfoto_2024-09-03_um_15-54-22-300x193.png 300w, https:\/\/www.nmy.de\/en\/wp-content\/uploads\/sites\/5\/2025\/04\/bildschirmfoto_2024-09-03_um_15-54-22-132x85.png 132w, https:\/\/www.nmy.de\/en\/wp-content\/uploads\/sites\/5\/2025\/04\/bildschirmfoto_2024-09-03_um_15-54-22-264x170.png 264w, https:\/\/www.nmy.de\/en\/wp-content\/uploads\/sites\/5\/2025\/04\/bildschirmfoto_2024-09-03_um_15-54-22-290x186.png 290w, https:\/\/www.nmy.de\/en\/wp-content\/uploads\/sites\/5\/2025\/04\/bildschirmfoto_2024-09-03_um_15-54-22-75x48.png 75w\" sizes=\"auto, (max-width: 577px) 100vw, 577px\" \/><\/figure><\/div>\n\n\n<section class=\"marquees myvw alignfull overflow-hidden\">\r\n    <div class=\"marquee text-top\">\r\n      <div class=\"text\">Digital Learning &#8211; Onboarding &#8211; Training &#8211; Human Resources<\/div>\r\n    <\/div>\r\n    <div class=\"marquee text-bottom flex justify-end\">\r\n      <div class=\"text\">Mixed Reality &#8211; Augmented Reality &#8211; Virtual Reality &#8211; AI<\/div>\r\n    <\/div>\r\n<\/section>\r\n\n\n<section class=\"alignfull is-layout-constrained mt-32 gradient1 cta\" >\n  <div class=\"pt-5 px-5 grid md:grid-cols-2 md:gap-8 items-center alignwide\">\n    <div class=\"pt-8 md:pb-8 md:row-start-1 md:col-start-2 styled-content\">\n      <h3>Plane mit mir euren Workshop.<\/h3>\n      <p>Melde dich gerne f\u00fcr unseren Workshop an und erfahre, wie unsere modernen Kommunikationsl\u00f6sungen dein Unternehmen voranbringen k\u00f6nnen.<\/p>\n              <div class=\"mb-8 flex gap-4 flex-wrap\">\n                                            <a class=\"bbtn bg-white is-style-mail\" href=\"mailto:s.demmerle@nmy.de\" target=\"\">Hello Sebastian<\/a>\n                                                      <a class=\"bbtn bg-white is-style-arrow\" href=\"https:\/\/calendar.google.com\/calendar\/u\/0\/appointments\/schedules\/AcZssZ3tDyNO2XlWC4cvmaLK4s_N03Z1UeN7qmdqbE3vDqDbP_7wWiiykvJSkz-QVexw6e4Q_JSk3UNj\" target=\"_blank\">Termin buchen<\/a>\n                            <\/div>\n                    <div class=\"footerlinks cevron\">\n          <p>Sebastian Demmerle, Strategie und Konzept<\/p>\n\n        <\/div>\n          <\/div>\n    <img loading=\"lazy\" decoding=\"async\" width=\"290\" height=\"290\" src=\"https:\/\/www.nmy.de\/en\/wp-content\/uploads\/sites\/5\/2025\/04\/sebastian_demmerle_4-290x290.png\" class=\"md:-mt-20 md:row-start-1 self-end w-full\" alt=\"\" srcset=\"https:\/\/www.nmy.de\/en\/wp-content\/uploads\/sites\/5\/2025\/04\/sebastian_demmerle_4-290x290.png 290w, https:\/\/www.nmy.de\/en\/wp-content\/uploads\/sites\/5\/2025\/04\/sebastian_demmerle_4-150x150.png 150w, https:\/\/www.nmy.de\/en\/wp-content\/uploads\/sites\/5\/2025\/04\/sebastian_demmerle_4-300x300.png 300w, https:\/\/www.nmy.de\/en\/wp-content\/uploads\/sites\/5\/2025\/04\/sebastian_demmerle_4-768x768.png 768w, https:\/\/www.nmy.de\/en\/wp-content\/uploads\/sites\/5\/2025\/04\/sebastian_demmerle_4-85x85.png 85w, https:\/\/www.nmy.de\/en\/wp-content\/uploads\/sites\/5\/2025\/04\/sebastian_demmerle_4-170x170.png 170w, https:\/\/www.nmy.de\/en\/wp-content\/uploads\/sites\/5\/2025\/04\/sebastian_demmerle_4-75x75.png 75w, https:\/\/www.nmy.de\/en\/wp-content\/uploads\/sites\/5\/2025\/04\/sebastian_demmerle_4-750x750.png 750w, https:\/\/www.nmy.de\/en\/wp-content\/uploads\/sites\/5\/2025\/04\/sebastian_demmerle_4-135x135.png 135w, https:\/\/www.nmy.de\/en\/wp-content\/uploads\/sites\/5\/2025\/04\/sebastian_demmerle_4-270x270.png 270w, https:\/\/www.nmy.de\/en\/wp-content\/uploads\/sites\/5\/2025\/04\/sebastian_demmerle_4.png 800w\" sizes=\"auto, (max-width: 290px) 100vw, 290px\" \/>\n  <\/div>\n<\/section>\n","protected":false},"excerpt":{"rendered":"<p>Praxisnah und exklusiv In diesem Workshop erh\u00e4ltst du kompakte Einblicke in AR-, VR- und Spatial Computing-Technologien. Dein Takeaway: Verstehe, wie &hellip;<\/p>\n","protected":false},"author":5,"featured_media":0,"parent":0,"menu_order":0,"comment_status":"closed","ping_status":"closed","template":"","meta":{"_acf_changed":true,"footnotes":""},"class_list":["post-2329","page","type-page","status-publish","hentry"],"acf":[],"yoast_head":"<!-- This site is optimized with the Yoast SEO Premium plugin v27.5 (Yoast SEO v27.5) - https:\/\/yoast.com\/product\/yoast-seo-premium-wordpress\/ -->\n<title>XR Innovationsworkshop f\u00fcr Unternehmen \u2013 NMY<\/title>\n<meta name=\"description\" content=\"Workshop zu AR, VR &amp; Spatial Computing \u2013 mit Branchendemos, Strategiepapier und direkt umsetzbaren Innovationen f\u00fcr dein Unternehmen.\" \/>\n<meta name=\"robots\" content=\"index, follow, max-snippet:-1, max-image-preview:large, max-video-preview:-1\" \/>\n<link rel=\"canonical\" href=\"https:\/\/www.nmy.de\/en\/xr-innovationworkshop\/\" \/>\n<meta property=\"og:locale\" content=\"en_US\" \/>\n<meta property=\"og:type\" content=\"article\" \/>\n<meta property=\"og:title\" content=\"Innovation-Workshop\" \/>\n<meta property=\"og:description\" content=\"Workshop zu AR, VR &amp; Spatial Computing \u2013 mit Branchendemos, Strategiepapier und direkt umsetzbaren Innovationen f\u00fcr dein Unternehmen.\" \/>\n<meta property=\"og:url\" content=\"https:\/\/www.nmy.de\/en\/xr-innovationworkshop\/\" \/>\n<meta property=\"og:site_name\" content=\"NMY EN\" \/>\n<meta property=\"article:modified_time\" content=\"2025-09-26T15:43:16+00:00\" \/>\n<meta name=\"twitter:card\" content=\"summary_large_image\" \/>\n<meta name=\"twitter:label1\" content=\"Est. reading time\" \/>\n\t<meta name=\"twitter:data1\" content=\"7 minutes\" \/>\n<script type=\"application\/ld+json\" class=\"yoast-schema-graph\">{\"@context\":\"https:\\\/\\\/schema.org\",\"@graph\":[{\"@type\":\"WebPage\",\"@id\":\"https:\\\/\\\/www.nmy.de\\\/en\\\/xr-innovationworkshop\\\/\",\"url\":\"https:\\\/\\\/www.nmy.de\\\/en\\\/xr-innovationworkshop\\\/\",\"name\":\"XR Innovationsworkshop f\u00fcr Unternehmen \u2013 NMY\",\"isPartOf\":{\"@id\":\"https:\\\/\\\/www.nmy.de\\\/en\\\/#website\"},\"primaryImageOfPage\":{\"@id\":\"https:\\\/\\\/www.nmy.de\\\/en\\\/xr-innovationworkshop\\\/#primaryimage\"},\"image\":{\"@id\":\"https:\\\/\\\/www.nmy.de\\\/en\\\/xr-innovationworkshop\\\/#primaryimage\"},\"thumbnailUrl\":\"https:\\\/\\\/www.nmy.de\\\/en\\\/wp-content\\\/uploads\\\/sites\\\/5\\\/2025\\\/02\\\/nmy_map.svg\",\"datePublished\":\"2025-02-26T13:53:57+00:00\",\"dateModified\":\"2025-09-26T15:43:16+00:00\",\"description\":\"Workshop zu AR, VR & Spatial Computing \u2013 mit Branchendemos, Strategiepapier und direkt umsetzbaren Innovationen f\u00fcr dein Unternehmen.\",\"breadcrumb\":{\"@id\":\"https:\\\/\\\/www.nmy.de\\\/en\\\/xr-innovationworkshop\\\/#breadcrumb\"},\"inLanguage\":\"en-US\",\"potentialAction\":[{\"@type\":\"ReadAction\",\"target\":[\"https:\\\/\\\/www.nmy.de\\\/en\\\/xr-innovationworkshop\\\/\"]}]},{\"@type\":\"ImageObject\",\"inLanguage\":\"en-US\",\"@id\":\"https:\\\/\\\/www.nmy.de\\\/en\\\/xr-innovationworkshop\\\/#primaryimage\",\"url\":\"https:\\\/\\\/www.nmy.de\\\/en\\\/wp-content\\\/uploads\\\/sites\\\/5\\\/2025\\\/02\\\/nmy_map.svg\",\"contentUrl\":\"https:\\\/\\\/www.nmy.de\\\/en\\\/wp-content\\\/uploads\\\/sites\\\/5\\\/2025\\\/02\\\/nmy_map.svg\",\"width\":240,\"height\":120},{\"@type\":\"BreadcrumbList\",\"@id\":\"https:\\\/\\\/www.nmy.de\\\/en\\\/xr-innovationworkshop\\\/#breadcrumb\",\"itemListElement\":[{\"@type\":\"ListItem\",\"position\":1,\"name\":\"Startseite\",\"item\":\"https:\\\/\\\/www.nmy.de\\\/en\\\/\"},{\"@type\":\"ListItem\",\"position\":2,\"name\":\"Innovation-Workshop\"}]},{\"@type\":\"WebSite\",\"@id\":\"https:\\\/\\\/www.nmy.de\\\/en\\\/#website\",\"url\":\"https:\\\/\\\/www.nmy.de\\\/en\\\/\",\"name\":\"NMY\",\"description\":\"Mixed-Reality Communication\",\"publisher\":{\"@id\":\"https:\\\/\\\/www.nmy.de\\\/en\\\/#organization\"},\"potentialAction\":[{\"@type\":\"SearchAction\",\"target\":{\"@type\":\"EntryPoint\",\"urlTemplate\":\"https:\\\/\\\/www.nmy.de\\\/en\\\/?s={search_term_string}\"},\"query-input\":{\"@type\":\"PropertyValueSpecification\",\"valueRequired\":true,\"valueName\":\"search_term_string\"}}],\"inLanguage\":\"en-US\"},{\"@type\":\"Organization\",\"@id\":\"https:\\\/\\\/www.nmy.de\\\/en\\\/#organization\",\"name\":\"NMY Mixed Reality Communication GmbH\",\"url\":\"https:\\\/\\\/www.nmy.de\\\/en\\\/\",\"logo\":{\"@type\":\"ImageObject\",\"inLanguage\":\"en-US\",\"@id\":\"https:\\\/\\\/www.nmy.de\\\/en\\\/#\\\/schema\\\/logo\\\/image\\\/\",\"url\":\"https:\\\/\\\/www.nmy.de\\\/en\\\/wp-content\\\/uploads\\\/sites\\\/5\\\/2025\\\/09\\\/NMY_Logo_Surface_Claim_small_B.png\",\"contentUrl\":\"https:\\\/\\\/www.nmy.de\\\/en\\\/wp-content\\\/uploads\\\/sites\\\/5\\\/2025\\\/09\\\/NMY_Logo_Surface_Claim_small_B.png\",\"width\":1081,\"height\":427,\"caption\":\"NMY Mixed Reality Communication GmbH\"},\"image\":{\"@id\":\"https:\\\/\\\/www.nmy.de\\\/en\\\/#\\\/schema\\\/logo\\\/image\\\/\"},\"sameAs\":[\"https:\\\/\\\/www.linkedin.com\\\/company\\\/2621379\\\/admin\\\/dashboard\\\/\"]}]}<\/script>\n<!-- \/ Yoast SEO Premium plugin. -->","yoast_head_json":{"title":"XR Innovationsworkshop f\u00fcr Unternehmen \u2013 NMY","description":"Workshop zu AR, VR & Spatial Computing \u2013 mit Branchendemos, Strategiepapier und direkt umsetzbaren Innovationen f\u00fcr dein Unternehmen.","robots":{"index":"index","follow":"follow","max-snippet":"max-snippet:-1","max-image-preview":"max-image-preview:large","max-video-preview":"max-video-preview:-1"},"canonical":"https:\/\/www.nmy.de\/en\/xr-innovationworkshop\/","og_locale":"en_US","og_type":"article","og_title":"Innovation-Workshop","og_description":"Workshop zu AR, VR & Spatial Computing \u2013 mit Branchendemos, Strategiepapier und direkt umsetzbaren Innovationen f\u00fcr dein Unternehmen.","og_url":"https:\/\/www.nmy.de\/en\/xr-innovationworkshop\/","og_site_name":"NMY EN","article_modified_time":"2025-09-26T15:43:16+00:00","twitter_card":"summary_large_image","twitter_misc":{"Est. reading time":"7 minutes"},"schema":{"@context":"https:\/\/schema.org","@graph":[{"@type":"WebPage","@id":"https:\/\/www.nmy.de\/en\/xr-innovationworkshop\/","url":"https:\/\/www.nmy.de\/en\/xr-innovationworkshop\/","name":"XR Innovationsworkshop f\u00fcr Unternehmen \u2013 NMY","isPartOf":{"@id":"https:\/\/www.nmy.de\/en\/#website"},"primaryImageOfPage":{"@id":"https:\/\/www.nmy.de\/en\/xr-innovationworkshop\/#primaryimage"},"image":{"@id":"https:\/\/www.nmy.de\/en\/xr-innovationworkshop\/#primaryimage"},"thumbnailUrl":"https:\/\/www.nmy.de\/en\/wp-content\/uploads\/sites\/5\/2025\/02\/nmy_map.svg","datePublished":"2025-02-26T13:53:57+00:00","dateModified":"2025-09-26T15:43:16+00:00","description":"Workshop zu AR, VR & Spatial Computing \u2013 mit Branchendemos, Strategiepapier und direkt umsetzbaren Innovationen f\u00fcr dein Unternehmen.","breadcrumb":{"@id":"https:\/\/www.nmy.de\/en\/xr-innovationworkshop\/#breadcrumb"},"inLanguage":"en-US","potentialAction":[{"@type":"ReadAction","target":["https:\/\/www.nmy.de\/en\/xr-innovationworkshop\/"]}]},{"@type":"ImageObject","inLanguage":"en-US","@id":"https:\/\/www.nmy.de\/en\/xr-innovationworkshop\/#primaryimage","url":"https:\/\/www.nmy.de\/en\/wp-content\/uploads\/sites\/5\/2025\/02\/nmy_map.svg","contentUrl":"https:\/\/www.nmy.de\/en\/wp-content\/uploads\/sites\/5\/2025\/02\/nmy_map.svg","width":240,"height":120},{"@type":"BreadcrumbList","@id":"https:\/\/www.nmy.de\/en\/xr-innovationworkshop\/#breadcrumb","itemListElement":[{"@type":"ListItem","position":1,"name":"Startseite","item":"https:\/\/www.nmy.de\/en\/"},{"@type":"ListItem","position":2,"name":"Innovation-Workshop"}]},{"@type":"WebSite","@id":"https:\/\/www.nmy.de\/en\/#website","url":"https:\/\/www.nmy.de\/en\/","name":"NMY","description":"Mixed-Reality Communication","publisher":{"@id":"https:\/\/www.nmy.de\/en\/#organization"},"potentialAction":[{"@type":"SearchAction","target":{"@type":"EntryPoint","urlTemplate":"https:\/\/www.nmy.de\/en\/?s={search_term_string}"},"query-input":{"@type":"PropertyValueSpecification","valueRequired":true,"valueName":"search_term_string"}}],"inLanguage":"en-US"},{"@type":"Organization","@id":"https:\/\/www.nmy.de\/en\/#organization","name":"NMY Mixed Reality Communication GmbH","url":"https:\/\/www.nmy.de\/en\/","logo":{"@type":"ImageObject","inLanguage":"en-US","@id":"https:\/\/www.nmy.de\/en\/#\/schema\/logo\/image\/","url":"https:\/\/www.nmy.de\/en\/wp-content\/uploads\/sites\/5\/2025\/09\/NMY_Logo_Surface_Claim_small_B.png","contentUrl":"https:\/\/www.nmy.de\/en\/wp-content\/uploads\/sites\/5\/2025\/09\/NMY_Logo_Surface_Claim_small_B.png","width":1081,"height":427,"caption":"NMY Mixed Reality Communication GmbH"},"image":{"@id":"https:\/\/www.nmy.de\/en\/#\/schema\/logo\/image\/"},"sameAs":["https:\/\/www.linkedin.com\/company\/2621379\/admin\/dashboard\/"]}]}},"_links":{"self":[{"href":"https:\/\/www.nmy.de\/en\/wp-json\/wp\/v2\/pages\/2329","targetHints":{"allow":["GET"]}}],"collection":[{"href":"https:\/\/www.nmy.de\/en\/wp-json\/wp\/v2\/pages"}],"about":[{"href":"https:\/\/www.nmy.de\/en\/wp-json\/wp\/v2\/types\/page"}],"author":[{"embeddable":true,"href":"https:\/\/www.nmy.de\/en\/wp-json\/wp\/v2\/users\/5"}],"replies":[{"embeddable":true,"href":"https:\/\/www.nmy.de\/en\/wp-json\/wp\/v2\/comments?post=2329"}],"version-history":[{"count":0,"href":"https:\/\/www.nmy.de\/en\/wp-json\/wp\/v2\/pages\/2329\/revisions"}],"wp:attachment":[{"href":"https:\/\/www.nmy.de\/en\/wp-json\/wp\/v2\/media?parent=2329"}],"curies":[{"name":"wp","href":"https:\/\/api.w.org\/{rel}","templated":true}]}}